{"id":3983,"date":"2024-03-15T12:49:43","date_gmt":"2024-03-15T11:49:43","guid":{"rendered":"https:\/\/www.ultrasierranevada.com\/expo-trail\/"},"modified":"2025-12-17T10:10:48","modified_gmt":"2025-12-17T09:10:48","slug":"riano-camp","status":"publish","type":"page","link":"https:\/\/rianotrail.run\/en\/riano-camp\/","title":{"rendered":"Ria\u00f1o Camp"},"content":{"rendered":"\t\t<div data-elementor-type=\"wp-page\" data-elementor-id=\"3983\" class=\"elementor elementor-3983 elementor-3909\" data-elementor-post-type=\"page\">\n\t\t\t\t<div class=\"elementor-element elementor-element-df89653 e-con-full e-flex e-con e-parent\" data-id=\"df89653\" data-element_type=\"container\" data-e-type=\"container\" data-settings=\"{&quot;background_background&quot;:&quot;classic&quot;}\">\n\t\t<div class=\"elementor-element elementor-element-19b4e37 e-con-full e-flex e-con e-child\" data-id=\"19b4e37\" data-element_type=\"container\" data-e-type=\"container\">\n\t\t\t\t<\/div>\n\t\t\t\t<\/div>\n\t\t<div class=\"elementor-element elementor-element-51c8706 e-con-full e-flex e-con e-parent\" data-id=\"51c8706\" data-element_type=\"container\" data-e-type=\"container\" data-settings=\"{&quot;background_background&quot;:&quot;classic&quot;}\">\n\t\t<div class=\"elementor-element elementor-element-064756a e-flex e-con-boxed e-con e-child\" data-id=\"064756a\" data-element_type=\"container\" data-e-type=\"container\">\n\t\t\t\t\t<div class=\"e-con-inner\">\n\t\t\t\t<div class=\"elementor-element elementor-element-51b00a0 elementor-widget elementor-widget-heading\" data-id=\"51b00a0\" data-element_type=\"widget\" data-e-type=\"widget\" data-widget_type=\"heading.default\">\n\t\t\t\t<div class=\"elementor-widget-container\">\n\t\t\t\t\t<h2 class=\"elementor-heading-title elementor-size-default\">RIA\u00d1O CAMP<\/h2>\t\t\t\t<\/div>\n\t\t\t\t<\/div>\n\t\t\t\t<div class=\"elementor-element elementor-element-528b440 elementor-widget__width-inherit elementor-widget elementor-widget-text-editor\" data-id=\"528b440\" data-element_type=\"widget\" data-e-type=\"widget\" data-widget_type=\"text-editor.default\">\n\t\t\t\t<div class=\"elementor-widget-container\">\n\t\t\t\t\t\t\t\t\t<p>Welcome to the heart of the Ria\u00f1o Trail Run. The <strong>Ria\u00f1o Camp<\/strong> is not only the place where you rest between stages. It is a unique base camp, a meeting point between adventure, community and the thrill of living the trail in its purest form.<\/p><p>For three days, Ria\u00f1o Camp is transformed into a small trail running universe where you can breathe mountain, camaraderie and passion for the sport. Here you not only recharge your energy: you share stories with other runners, dine under the stars, wake up with views of the most imposing peaks of the Monta\u00f1a Leonesa and you are part of something unforgettable.<\/p><p>Rest areas in tents or vans, common areas with festival atmosphere, exclusive activities, talks, music, foodtrucks, direct access to the briefings and an atmosphere that can only be experienced in Ria\u00f1o.<\/p><p>Because running Ria\u00f1o Trail Run is not only to compete, it is to live together. And the Ria\u00f1o Camp is the soul of that experience.<\/p><p>The RIA\u00d1O CAMP is located in the town of Ria\u00f1o, in the soccer field of Ria\u00f1o, in a privileged place with unbeatable views. The RIA\u00d1O CAMP has all the necessary services (dining room, bathrooms, showers&#8230;).<\/p><p>To facilitate runners&#8217; logistics, all tents are provided and set up by the organization. All runners who contract it will be assigned an invidivual tent with dimensions of 2 persons. The runner will have to carry a sleeping bag and insulation or whatever he\/she deems appropriate for his\/her comfort. These will be easily located for the participants because they will have in sight the corresponding number of each one.<br \/><br \/>The day of entrance in the RIA\u00d1O CAMP is Thursday from 12:00 to 21:00 and the day of departure is Sunday from 17:00 or Monday before 12:00. Depending on the modality in which the runner participates, he\/she will be able to enter on Thursday, Friday or Saturday with their corresponding rates. <br \/><br \/>El Ria\u00f1o Camp has capacity for 300 runners, so priority will be given to 3x, 2x and OPEN runners in that order until full capacity is reached. <br \/>The companions will share tent with the participant.<br \/><br \/>The RIA\u00d1O CAMP will be closed to the public and vehicles during the days of the race.<br \/><br \/>It is not allowed the entry of vans, caravans and other vehicles provided for accommodation inside. All runners who come in their vehicles equipped to sleep, will have to park it outside the RIA\u00d1O CAMP.<br \/><br \/>The Ria\u00f1o Camp includes:<br \/><br \/>Pack 3xTrail:<br \/>Accommodation in tent from Thursday to Sunday\/Monday.<br \/>Full board from: Thursday dinner to Sunday lunch<br \/>Prize: 160\u20ac<br \/><br \/>Pack 2xTrail:<br \/>Tented accommodation from Friday to Sunday\/Monday.<br \/>Full board from: Friday dinner to Sunday lunch<br \/>Prize: 110\u20ac<br \/><br \/>RIA\u00d1O OPEN Pack:<br \/>Accommodation in tent from Saturday to Sunday\/Monday.<br \/>Full board from: Saturday Dinner to Sunday Lunch<br \/>Prize: 60\u20ac<br \/><br \/>Rental Inflatable mattress for the tent. (individual size). &gt; 15\u20ac ( Deposit 10\u20ac to be deposited at the Camp )<\/p>\t\t\t\t\t\t\t\t<\/div>\n\t\t\t\t<\/div>\n\t\t\t\t\t<\/div>\n\t\t\t\t<\/div>\n\t\t\t\t<\/div>\n\t\t<div class=\"elementor-element elementor-element-35a1f62 e-con-full e-flex e-con e-parent\" data-id=\"35a1f62\" data-element_type=\"container\" data-e-type=\"container\">\n\t\t\t\t<div class=\"elementor-element elementor-element-f559415 elementor-widget elementor-widget-gallery\" data-id=\"f559415\" data-element_type=\"widget\" data-e-type=\"widget\" data-settings=\"{&quot;lazyload&quot;:&quot;yes&quot;,&quot;gallery_layout&quot;:&quot;grid&quot;,&quot;columns&quot;:4,&quot;columns_tablet&quot;:2,&quot;columns_mobile&quot;:1,&quot;gap&quot;:{&quot;unit&quot;:&quot;px&quot;,&quot;size&quot;:10,&quot;sizes&quot;:[]},&quot;gap_tablet&quot;:{&quot;unit&quot;:&quot;px&quot;,&quot;size&quot;:10,&quot;sizes&quot;:[]},&quot;gap_mobile&quot;:{&quot;unit&quot;:&quot;px&quot;,&quot;size&quot;:10,&quot;sizes&quot;:[]},&quot;link_to&quot;:&quot;file&quot;,&quot;aspect_ratio&quot;:&quot;3:2&quot;,&quot;overlay_background&quot;:&quot;yes&quot;,&quot;content_hover_animation&quot;:&quot;fade-in&quot;}\" data-widget_type=\"gallery.default\">\n\t\t\t\t<div class=\"elementor-widget-container\">\n\t\t\t\t\t\t\t<div class=\"elementor-gallery__container\">\n\t\t\t\t\t<\/div>\n\t\t\t\t\t<\/div>\n\t\t\t\t<\/div>\n\t\t\t\t<\/div>\n\t\t<div class=\"elementor-element elementor-element-fc8e4b3 e-flex e-con-boxed e-con e-parent\" data-id=\"fc8e4b3\" data-element_type=\"container\" data-e-type=\"container\">\n\t\t\t\t\t<div class=\"e-con-inner\">\n\t\t<div class=\"elementor-element elementor-element-4234324 e-con-full e-flex e-con e-child\" data-id=\"4234324\" data-element_type=\"container\" data-e-type=\"container\">\n\t\t\t\t<div class=\"elementor-element elementor-element-d7c1812 elementor-widget elementor-widget-image\" data-id=\"d7c1812\" data-element_type=\"widget\" data-e-type=\"widget\" data-widget_type=\"image.default\">\n\t\t\t\t<div class=\"elementor-widget-container\">\n\t\t\t\t\t\t\t\t\t\t\t\t\t\t\t<img fetchpriority=\"high\" decoding=\"async\" width=\"800\" height=\"534\" src=\"https:\/\/rianotrail.run\/wp-content\/uploads\/2025\/12\/JAF2732-Mejorado-NR-1024x683.jpg\" class=\"attachment-large size-large wp-image-9480\" alt=\"\" srcset=\"https:\/\/rianotrail.run\/wp-content\/uploads\/2025\/12\/JAF2732-Mejorado-NR-1024x683.jpg 1024w, https:\/\/rianotrail.run\/wp-content\/uploads\/2025\/12\/JAF2732-Mejorado-NR-300x200.jpg 300w, https:\/\/rianotrail.run\/wp-content\/uploads\/2025\/12\/JAF2732-Mejorado-NR-768x512.jpg 768w, https:\/\/rianotrail.run\/wp-content\/uploads\/2025\/12\/JAF2732-Mejorado-NR-1536x1024.jpg 1536w, https:\/\/rianotrail.run\/wp-content\/uploads\/2025\/12\/JAF2732-Mejorado-NR-600x400.jpg 600w, https:\/\/rianotrail.run\/wp-content\/uploads\/2025\/12\/JAF2732-Mejorado-NR.jpg 2048w\" sizes=\"(max-width: 800px) 100vw, 800px\" \/>\t\t\t\t\t\t\t\t\t\t\t\t\t\t\t<\/div>\n\t\t\t\t<\/div>\n\t\t\t\t<\/div>\n\t\t<div class=\"elementor-element elementor-element-a8821c2 e-con-full e-flex e-con e-child\" data-id=\"a8821c2\" data-element_type=\"container\" data-e-type=\"container\">\n\t\t\t\t<div class=\"elementor-element elementor-element-cc6e7b4 elementor-widget elementor-widget-image\" data-id=\"cc6e7b4\" data-element_type=\"widget\" data-e-type=\"widget\" data-widget_type=\"image.default\">\n\t\t\t\t<div class=\"elementor-widget-container\">\n\t\t\t\t\t\t\t\t\t\t\t\t\t\t\t<img decoding=\"async\" width=\"683\" height=\"1024\" src=\"https:\/\/rianotrail.run\/wp-content\/uploads\/2025\/12\/JAF2592-683x1024.jpg\" class=\"attachment-large size-large wp-image-9482\" alt=\"\" srcset=\"https:\/\/rianotrail.run\/wp-content\/uploads\/2025\/12\/JAF2592-683x1024.jpg 683w, https:\/\/rianotrail.run\/wp-content\/uploads\/2025\/12\/JAF2592-200x300.jpg 200w, https:\/\/rianotrail.run\/wp-content\/uploads\/2025\/12\/JAF2592-768x1152.jpg 768w, https:\/\/rianotrail.run\/wp-content\/uploads\/2025\/12\/JAF2592-1024x1536.jpg 1024w, https:\/\/rianotrail.run\/wp-content\/uploads\/2025\/12\/JAF2592-1365x2048.jpg 1365w, https:\/\/rianotrail.run\/wp-content\/uploads\/2025\/12\/JAF2592-600x900.jpg 600w, https:\/\/rianotrail.run\/wp-content\/uploads\/2025\/12\/JAF2592-scaled.jpg 1707w\" sizes=\"(max-width: 683px) 100vw, 683px\" \/>\t\t\t\t\t\t\t\t\t\t\t\t\t\t\t<\/div>\n\t\t\t\t<\/div>\n\t\t\t\t<\/div>\n\t\t<div class=\"elementor-element elementor-element-11a911f e-con-full e-flex e-con e-child\" data-id=\"11a911f\" data-element_type=\"container\" data-e-type=\"container\">\n\t\t\t\t<div class=\"elementor-element elementor-element-b753e27 elementor-widget elementor-widget-image\" data-id=\"b753e27\" data-element_type=\"widget\" data-e-type=\"widget\" data-widget_type=\"image.default\">\n\t\t\t\t<div class=\"elementor-widget-container\">\n\t\t\t\t\t\t\t\t\t\t\t\t\t\t\t<img decoding=\"async\" width=\"683\" height=\"1024\" src=\"https:\/\/rianotrail.run\/wp-content\/uploads\/2025\/12\/JAF2473-683x1024.jpg\" class=\"attachment-large size-large wp-image-9485\" alt=\"\" srcset=\"https:\/\/rianotrail.run\/wp-content\/uploads\/2025\/12\/JAF2473-683x1024.jpg 683w, https:\/\/rianotrail.run\/wp-content\/uploads\/2025\/12\/JAF2473-200x300.jpg 200w, https:\/\/rianotrail.run\/wp-content\/uploads\/2025\/12\/JAF2473-768x1152.jpg 768w, https:\/\/rianotrail.run\/wp-content\/uploads\/2025\/12\/JAF2473-1024x1536.jpg 1024w, https:\/\/rianotrail.run\/wp-content\/uploads\/2025\/12\/JAF2473-1365x2048.jpg 1365w, https:\/\/rianotrail.run\/wp-content\/uploads\/2025\/12\/JAF2473-600x900.jpg 600w, https:\/\/rianotrail.run\/wp-content\/uploads\/2025\/12\/JAF2473-scaled.jpg 1707w\" sizes=\"(max-width: 683px) 100vw, 683px\" \/>\t\t\t\t\t\t\t\t\t\t\t\t\t\t\t<\/div>\n\t\t\t\t<\/div>\n\t\t\t\t<\/div>\n\t\t<div class=\"elementor-element elementor-element-095bd16 e-con-full e-flex e-con e-child\" data-id=\"095bd16\" data-element_type=\"container\" data-e-type=\"container\">\n\t\t\t\t<div class=\"elementor-element elementor-element-39b3100 elementor-widget elementor-widget-image\" data-id=\"39b3100\" data-element_type=\"widget\" data-e-type=\"widget\" data-widget_type=\"image.default\">\n\t\t\t\t<div class=\"elementor-widget-container\">\n\t\t\t\t\t\t\t\t\t\t\t\t\t\t\t<img loading=\"lazy\" decoding=\"async\" width=\"800\" height=\"534\" src=\"https:\/\/rianotrail.run\/wp-content\/uploads\/2025\/12\/JAF2426-1024x683.jpg\" class=\"attachment-large size-large wp-image-9487\" alt=\"\" srcset=\"https:\/\/rianotrail.run\/wp-content\/uploads\/2025\/12\/JAF2426-1024x683.jpg 1024w, https:\/\/rianotrail.run\/wp-content\/uploads\/2025\/12\/JAF2426-300x200.jpg 300w, https:\/\/rianotrail.run\/wp-content\/uploads\/2025\/12\/JAF2426-768x512.jpg 768w, https:\/\/rianotrail.run\/wp-content\/uploads\/2025\/12\/JAF2426-1536x1024.jpg 1536w, https:\/\/rianotrail.run\/wp-content\/uploads\/2025\/12\/JAF2426-600x400.jpg 600w, https:\/\/rianotrail.run\/wp-content\/uploads\/2025\/12\/JAF2426.jpg 2048w\" sizes=\"(max-width: 800px) 100vw, 800px\" \/>\t\t\t\t\t\t\t\t\t\t\t\t\t\t\t<\/div>\n\t\t\t\t<\/div>\n\t\t\t\t<\/div>\n\t\t\t\t\t<\/div>\n\t\t\t\t<\/div>\n\t\t\t\t<\/div>\n\t\t","protected":false},"excerpt":{"rendered":"<p>RIA\u00d1O CAMP Welcome to the heart of the Ria\u00f1o Trail Run. The Ria\u00f1o Camp is not only the place where you rest between stages. It is a unique base camp, a meeting point between adventure, community and the thrill of living the trail in its purest form. For three days, Ria\u00f1o Camp is transformed into [&hellip;]<\/p>\n","protected":false},"author":5,"featured_media":0,"parent":0,"menu_order":0,"comment_status":"closed","ping_status":"closed","template":"elementor_header_footer","meta":{"footnotes":""},"class_list":["post-3983","page","type-page","status-publish","hentry"],"_links":{"self":[{"href":"https:\/\/rianotrail.run\/en\/wp-json\/wp\/v2\/pages\/3983","targetHints":{"allow":["GET"]}}],"collection":[{"href":"https:\/\/rianotrail.run\/en\/wp-json\/wp\/v2\/pages"}],"about":[{"href":"https:\/\/rianotrail.run\/en\/wp-json\/wp\/v2\/types\/page"}],"author":[{"embeddable":true,"href":"https:\/\/rianotrail.run\/en\/wp-json\/wp\/v2\/users\/5"}],"replies":[{"embeddable":true,"href":"https:\/\/rianotrail.run\/en\/wp-json\/wp\/v2\/comments?post=3983"}],"version-history":[{"count":42,"href":"https:\/\/rianotrail.run\/en\/wp-json\/wp\/v2\/pages\/3983\/revisions"}],"predecessor-version":[{"id":9547,"href":"https:\/\/rianotrail.run\/en\/wp-json\/wp\/v2\/pages\/3983\/revisions\/9547"}],"wp:attachment":[{"href":"https:\/\/rianotrail.run\/en\/wp-json\/wp\/v2\/media?parent=3983"}],"curies":[{"name":"wp","href":"https:\/\/api.w.org\/{rel}","templated":true}]}}